{"id":57,"date":"2022-07-25T20:02:35","date_gmt":"2022-07-25T20:02:35","guid":{"rendered":"https:\/\/wp.hammer-jaegercorps.de\/wordpress\/?page_id=57"},"modified":"2022-11-28T20:17:09","modified_gmt":"2022-11-28T20:17:09","slug":"impressum","status":"publish","type":"page","link":"https:\/\/www.hammer-jaegercorps.de\/index.php\/impressum\/","title":{"rendered":"Impressum"},"content":{"rendered":"\n<p><strong>1. Vorsitzender<br><\/strong>Christopher Drenkard<\/p>\n\n\n\n<p><strong>Webmaster<br><\/strong>Markus Andree , Christian Konen<br><a href=\"javascript:linkTo_UnCryptMailto('nbjmup+jogpAibnnfs.kbfhfsdpsqt\/ef');\">info[at]hammer-jaegercorps.de<\/a><\/p>\n\n\n\n<p><strong>Aktualisierung\/Haftungsausschluss<br><\/strong>Alle in unseren Internetseiten enthaltenen Angaben und Informationen wurden sorgf\u00e4ltig recherchiert und gepr\u00fcft. Eine Haftung oder Garantie f\u00fcr Richtigkeit, Vollst\u00e4ndigkeit und Aktualit\u00e4t der zur Verf\u00fcgung gestellten Informationen und Daten ist allerdings ausgeschlossen. Ferner behalten wir uns das Recht vor, Informationen und Daten zu \u00e4ndern und\/oder zu erg\u00e4nzen. Alle Inhalte dienen ausschlie\u00dflich zur Information der Besucher unseres Onlineangebotes.&nbsp;<\/p>\n\n\n\n<p><strong>Links<br><\/strong>F\u00fcr Internetseiten Dritter, auf die wir durch Link verweisen oder von denen unsere Internetseite aufgerufen werden kann, sind die jeweiligen Anbieter verantwortlich. Da wir keinen Einfluss auf die Gestaltung und Inhalte der Internetseiten Dritter haben, wird ausdr\u00fccklich darauf hingewiesen, dass wir uns diese fremden Inhalte nicht zu eigen machen und daher auch keine Verantwortung \u00fcbernehmen.&nbsp;<\/p>\n\n\n\n<p><strong>Rechtevorbehalt<\/strong><br>Alle Texte, Bilder, Grafiken, Gestaltung, Layout sowie Anordnung unserer Internetseite unterliegen dem Schutz des Urheberrechtes. Die Vervielf\u00e4ltigung von Inhalten oder Daten, insbesondere die Verwendung von Texten, Textteilen oder Bildmaterial ist ohne unsere Zustimmung nicht erlaubt. Hiervon ausgenommen ist die \u00dcbernahme von Texten, sofern sie ausschlie\u00dflich f\u00fcr den privaten Gebrauch einer Nutzerin bzw. eines Nutzers bestimmt sind.&nbsp;&nbsp;<\/p>\n\n\n\n<p><strong>Datenschutz<br><\/strong>Sofern innerhalb des Internetangebotes die Eingabe pers\u00f6nlicher Daten (E-Mail-Adressen, Namen, Anschriften) m\u00f6glich ist, erfolgt die Preisgabe dieser Daten seitens des Nutzers auf ausdr\u00fccklich freiwilliger Basis. Eine Weitergabe der personenbezogenen Daten an Dritte zwecks Verkauf oder Vermarktung ist ausgeschlossen.&nbsp;<\/p>\n\n\n\n<p><strong>Rechtswirksamkeit des Haftungsausschlusses<\/strong><\/p>\n\n\n\n<p>Sofern Teile oder einzelne Formulierungen des Textes der geltenden Rechtslage nicht, nicht mehr oder nicht vollst\u00e4ndig entsprechen sollten, bleiben die \u00fcbrigen Teile des Dokumentes in ihrem Inhalt und ihrer G\u00fcltigkeit davon unber\u00fchrt.<\/p>\n\n\n\n<p><\/p>\n\n\n\n<div class=\"wp-block-buttons is-content-justification-center is-layout-flex wp-container-core-buttons-is-layout-16018d1d wp-block-buttons-is-layout-flex\">\n<div class=\"wp-block-button\"><a class=\"wp-block-button__link wp-element-button\" href=\"https:\/\/www.hammer-jaegercorps.de\/\">Zur Startseite<\/a><\/div>\n<\/div>\n\n\n\n<p><\/p>\n","protected":false},"excerpt":{"rendered":"<p>1. VorsitzenderChristopher Drenkard WebmasterMarkus Andree , Christian Koneninfo[at]hammer-jaegercorps.de Aktualisierung\/HaftungsausschlussAlle in unseren Internetseiten enthaltenen Angaben und Informationen wurden sorgf\u00e4ltig recherchiert und gepr\u00fcft. Eine Haftung oder Garantie f\u00fcr Richtigkeit, Vollst\u00e4ndigkeit und Aktualit\u00e4t der zur Verf\u00fcgung gestellten Informationen und Daten ist allerdings ausgeschlossen. Ferner behalten wir uns das Recht vor, Informationen und Daten zu \u00e4ndern und\/oder zu erg\u00e4nzen. &hellip; <\/p>\n<p class=\"link-more\"><a href=\"https:\/\/www.hammer-jaegercorps.de\/index.php\/impressum\/\" class=\"more-link\">Mehr <span class=\"screen-reader-text\">\u00fcber &#8222;Impressum&#8220; <\/span>Lesen<\/a><\/p>\n","protected":false},"author":2,"featured_media":0,"parent":0,"menu_order":0,"comment_status":"closed","ping_status":"closed","template":"","meta":{"footnotes":""},"class_list":["post-57","page","type-page","status-publish","hentry"],"featured_media_urls":[],"_links":{"self":[{"href":"https:\/\/www.hammer-jaegercorps.de\/index.php\/wp-json\/wp\/v2\/pages\/57","targetHints":{"allow":["GET"]}}],"collection":[{"href":"https:\/\/www.hammer-jaegercorps.de\/index.php\/wp-json\/wp\/v2\/pages"}],"about":[{"href":"https:\/\/www.hammer-jaegercorps.de\/index.php\/wp-json\/wp\/v2\/types\/page"}],"author":[{"embeddable":true,"href":"https:\/\/www.hammer-jaegercorps.de\/index.php\/wp-json\/wp\/v2\/users\/2"}],"replies":[{"embeddable":true,"href":"https:\/\/www.hammer-jaegercorps.de\/index.php\/wp-json\/wp\/v2\/comments?post=57"}],"version-history":[{"count":6,"href":"https:\/\/www.hammer-jaegercorps.de\/index.php\/wp-json\/wp\/v2\/pages\/57\/revisions"}],"predecessor-version":[{"id":651,"href":"https:\/\/www.hammer-jaegercorps.de\/index.php\/wp-json\/wp\/v2\/pages\/57\/revisions\/651"}],"wp:attachment":[{"href":"https:\/\/www.hammer-jaegercorps.de\/index.php\/wp-json\/wp\/v2\/media?parent=57"}],"curies":[{"name":"wp","href":"https:\/\/api.w.org\/{rel}","templated":true}]}}