{"id":318,"date":"2022-08-09T19:02:31","date_gmt":"2022-08-09T19:02:31","guid":{"rendered":"https:\/\/wp.hammer-jaegercorps.de\/wordpress\/?page_id=318"},"modified":"2022-11-04T17:59:35","modified_gmt":"2022-11-04T17:59:35","slug":"jaegerlied-2","status":"publish","type":"page","link":"https:\/\/www.hammer-jaegercorps.de\/index.php\/jaegerlied-2\/","title":{"rendered":"J\u00e4gerlied"},"content":{"rendered":"\n<div class=\"wp-block-columns is-layout-flex wp-container-core-columns-is-layout-9d6595d7 wp-block-columns-is-layout-flex\">\n<div class=\"wp-block-column is-layout-flow wp-block-column-is-layout-flow\" style=\"flex-basis:100%\">\n<p><br>Durch die Verpflichtung des Hammer Fanfarencorps im Jahr 1961 am Sch\u00fctzenfest<br>wurde auch das J\u00e4gercorps gepr\u00e4gt, da einer der damals aufgespielten M\u00e4rsche<br>zum Vereinslied des Corps auserkoren wurde<\/p>\n\n\n\n<p><br>Die Melodie bzw. der Reim und der inhaltliche Aufbau des Vereinslieds gehen auf<br>das Volkslied \u201eGr\u00fcn ist Wald und Flur\u201c zur\u00fcck. Das Volkslied basiert wiederum auf<br>ein Gedicht von Ludwig Karl von Wildungen aus dem Jahr 1797. Dieses Gedicht<br>tr\u00e4gt den Titel \u201eLob der gr\u00fcnen Farbe\u201c.<br>Die textliche Um\u00e4nderung des Liedes war wohl Gemeinschaftsarbeit der Kameraden<br>des J\u00e4gercorps.<\/p>\n\n\n\n<p><br>Text des Vereinsliedes:<\/p>\n\n\n\n<p><br><strong>Gr\u00fcn ach Gr\u00fcn wie lieb ich dich,<br>s\u00fc\u00dfe Hoffnung ein Trost f\u00fcr mich,<br>Gr\u00fcn ach Gr\u00fcn ist Wald und Flur, Wald und Flur,<br>Gr\u00fcn ach Gr\u00fcn des J\u00e4gers Garnitur.<br>Alle M\u00e4dchen jung und sch\u00f6n,<br>m\u00fcssen gr\u00fcn zur Jagd gekleidet gehen,<br>wenn das Horn dann erschallt hell und klar, hell und klar,<br>ist das Jagen wunderbar.<\/strong><\/p>\n<\/div>\n<\/div>\n\n\n\n<div class=\"wp-block-buttons is-content-justification-center is-layout-flex wp-container-core-buttons-is-layout-16018d1d wp-block-buttons-is-layout-flex\">\n<div class=\"wp-block-button is-style-outline is-style-outline--1\"><a class=\"wp-block-button__link wp-element-button\" href=\"https:\/\/www.hammer-jaegercorps.de\/\">Zur startseite<\/a><\/div>\n<\/div>\n\n\n\n<p><\/p>\n","protected":false},"excerpt":{"rendered":"<p>Durch die Verpflichtung des Hammer Fanfarencorps im Jahr 1961 am Sch\u00fctzenfestwurde auch das J\u00e4gercorps gepr\u00e4gt, da einer der damals aufgespielten M\u00e4rschezum Vereinslied des Corps auserkoren wurde Die Melodie bzw. der Reim und der inhaltliche Aufbau des Vereinslieds gehen aufdas Volkslied \u201eGr\u00fcn ist Wald und Flur\u201c zur\u00fcck. Das Volkslied basiert wiederum aufein Gedicht von Ludwig Karl &hellip; <\/p>\n<p class=\"link-more\"><a href=\"https:\/\/www.hammer-jaegercorps.de\/index.php\/jaegerlied-2\/\" class=\"more-link\">Mehr <span class=\"screen-reader-text\">\u00fcber &#8222;J\u00e4gerlied&#8220; <\/span>Lesen<\/a><\/p>\n","protected":false},"author":2,"featured_media":0,"parent":0,"menu_order":0,"comment_status":"closed","ping_status":"closed","template":"","meta":{"footnotes":""},"class_list":["post-318","page","type-page","status-publish","hentry"],"featured_media_urls":[],"_links":{"self":[{"href":"https:\/\/www.hammer-jaegercorps.de\/index.php\/wp-json\/wp\/v2\/pages\/318","targetHints":{"allow":["GET"]}}],"collection":[{"href":"https:\/\/www.hammer-jaegercorps.de\/index.php\/wp-json\/wp\/v2\/pages"}],"about":[{"href":"https:\/\/www.hammer-jaegercorps.de\/index.php\/wp-json\/wp\/v2\/types\/page"}],"author":[{"embeddable":true,"href":"https:\/\/www.hammer-jaegercorps.de\/index.php\/wp-json\/wp\/v2\/users\/2"}],"replies":[{"embeddable":true,"href":"https:\/\/www.hammer-jaegercorps.de\/index.php\/wp-json\/wp\/v2\/comments?post=318"}],"version-history":[{"count":9,"href":"https:\/\/www.hammer-jaegercorps.de\/index.php\/wp-json\/wp\/v2\/pages\/318\/revisions"}],"predecessor-version":[{"id":639,"href":"https:\/\/www.hammer-jaegercorps.de\/index.php\/wp-json\/wp\/v2\/pages\/318\/revisions\/639"}],"wp:attachment":[{"href":"https:\/\/www.hammer-jaegercorps.de\/index.php\/wp-json\/wp\/v2\/media?parent=318"}],"curies":[{"name":"wp","href":"https:\/\/api.w.org\/{rel}","templated":true}]}}