{"id":244,"date":"2022-08-08T19:31:53","date_gmt":"2022-08-08T19:31:53","guid":{"rendered":"https:\/\/wp.hammer-jaegercorps.de\/wordpress\/?page_id=244"},"modified":"2022-08-28T18:24:51","modified_gmt":"2022-08-28T18:24:51","slug":"unsere-musik","status":"publish","type":"page","link":"https:\/\/www.hammer-jaegercorps.de\/index.php\/unsere-musik\/","title":{"rendered":"Unsere Musik"},"content":{"rendered":"\n<p class=\"has-medium-font-size\"><strong>Tambourkorps &#8222;Rheinklang&#8220; M\u00fcndelheim &#8211; 1926 &#8211; e.V.<\/strong><\/p>\n\n\n\n<p>Mit gro\u00dfem Stolz blicken wir auf eine \u00fcber 40 j\u00e4hrige Freundschaft zur\u00fcck. Seit dem Sch\u00fctzenfest im Jahre 1979, spielt das Tambourcorps M\u00fcndelheim aus Duisburg f\u00fcr das J\u00e4gercorps und begleitet uns an allen Kirmestagen bei den Z\u00fcgen durch die Hammer Stra\u00dfen. <br>Ein besonderes Merkmal ist der einzigartige Ton der Trommeln, an dem man schon von weitem h\u00f6rt, dass das J\u00e4gercorps auf den Hammer Stra\u00dfen unterwegs ist.<\/p>\n\n\n\n<p><br>Weitere Informationen: <a href=\"https:\/\/de-de.facebook.com\/TKRM1926\/\">Facebookseite Tambourkorps &#8222;Rheinklang&#8220; M\u00fcndelheim &#8211; 1926 &#8211; e.V. <\/a><\/p>\n\n\n\n<p> <\/p>\n\n\n\n<figure class=\"wp-block-image size-large\"><img loading=\"lazy\" decoding=\"async\" width=\"1024\" height=\"678\" src=\"https:\/\/www.hammer-jaegercorps.de\/wp-content\/uploads\/2022\/08\/20160904-HW-N-\u00a9-SF-DHamm-405-1-1024x678.jpg\" alt=\"\" class=\"wp-image-245\" srcset=\"https:\/\/www.hammer-jaegercorps.de\/wp-content\/uploads\/2022\/08\/20160904-HW-N-\u00a9-SF-DHamm-405-1-1024x678.jpg 1024w, https:\/\/www.hammer-jaegercorps.de\/wp-content\/uploads\/2022\/08\/20160904-HW-N-\u00a9-SF-DHamm-405-1-300x199.jpg 300w, https:\/\/www.hammer-jaegercorps.de\/wp-content\/uploads\/2022\/08\/20160904-HW-N-\u00a9-SF-DHamm-405-1-768x509.jpg 768w, https:\/\/www.hammer-jaegercorps.de\/wp-content\/uploads\/2022\/08\/20160904-HW-N-\u00a9-SF-DHamm-405-1-1536x1017.jpg 1536w, https:\/\/www.hammer-jaegercorps.de\/wp-content\/uploads\/2022\/08\/20160904-HW-N-\u00a9-SF-DHamm-405-1-2048x1356.jpg 2048w, https:\/\/www.hammer-jaegercorps.de\/wp-content\/uploads\/2022\/08\/20160904-HW-N-\u00a9-SF-DHamm-405-1-2000x1325.jpg 2000w\" sizes=\"auto, (max-width: 1024px) 100vw, 1024px\" \/><figcaption>Tambourcorps &#8222;Rheinklang&#8220; M\u00fcndelheim am Sch\u00fctzenfest 2016<\/figcaption><\/figure>\n\n\n\n<h2 class=\"wp-block-heading\">Orchestor ArDo<\/h2>\n\n\n\n<p>Seit 2011 spielt das Orchester ArDo f\u00fcr unseren Verein. Durch ein umfangreiche Repertoire an bekannten M\u00e4rschen, erfreut das Orchester von Kirmesfreitag beim Fackelbauen, bis Kirmesdienstag die Kameraden des J\u00e4gercorps. Aber auch abseits von der Kirmes k\u00f6nnen wir uns auf die Freunde der Blasmusik verlassen. So wird das J\u00e4gercorps bei Veranstaltungen im Laufe des Jahres, wie dem Titularfest, mit bester Musik begleitet.<\/p>\n\n\n\n<p>Weitere Informationen: <a href=\"https:\/\/www.orchester-ardo.de\/de\/\">Internetseite ArDo <\/a><\/p>\n\n\n\n<figure class=\"wp-block-image size-large\"><img loading=\"lazy\" decoding=\"async\" width=\"1024\" height=\"678\" src=\"https:\/\/www.hammer-jaegercorps.de\/wp-content\/uploads\/2022\/08\/20160904-HW-N-\u00a9-SF-DHamm-407-1024x678.jpg\" alt=\"\" class=\"wp-image-246\" srcset=\"https:\/\/www.hammer-jaegercorps.de\/wp-content\/uploads\/2022\/08\/20160904-HW-N-\u00a9-SF-DHamm-407-1024x678.jpg 1024w, https:\/\/www.hammer-jaegercorps.de\/wp-content\/uploads\/2022\/08\/20160904-HW-N-\u00a9-SF-DHamm-407-300x199.jpg 300w, https:\/\/www.hammer-jaegercorps.de\/wp-content\/uploads\/2022\/08\/20160904-HW-N-\u00a9-SF-DHamm-407-768x509.jpg 768w, https:\/\/www.hammer-jaegercorps.de\/wp-content\/uploads\/2022\/08\/20160904-HW-N-\u00a9-SF-DHamm-407-1536x1017.jpg 1536w, https:\/\/www.hammer-jaegercorps.de\/wp-content\/uploads\/2022\/08\/20160904-HW-N-\u00a9-SF-DHamm-407-2048x1356.jpg 2048w, https:\/\/www.hammer-jaegercorps.de\/wp-content\/uploads\/2022\/08\/20160904-HW-N-\u00a9-SF-DHamm-407-2000x1325.jpg 2000w\" sizes=\"auto, (max-width: 1024px) 100vw, 1024px\" \/><figcaption>Orchestor ArDo am Sch\u00fctzenfest 2016<\/figcaption><\/figure>\n\n\n\n<h2 class=\"wp-block-heading\">Bundesfanfarencorps D\u00fcsseldorf &#8211; Hamm e.V.<\/h2>\n\n\n\n<p>Die l\u00e4ngste Freundschaft besteht zu unseren Freunden aus dem Hammer Bundesfanfarencorps. Seit 1961 und somit \u00fcber 60 Jahre, spielt das Bundesfanfarencorps D\u00fcsseldorf &#8211; Hamm f\u00fcr das J\u00e4gercorps. Bereits am Kirmesfreitag stimmen uns die Fanfahren auf Kirmes ein. Zusammen mit dem Orchester ArDo werden bekannte M\u00e4rsche auf dem Fackelrichtfest gespielt und sind im ganzen Dorf zu h\u00f6ren. <\/p>\n\n\n\n<p>Weitere Informationen: <a href=\"https:\/\/fanfarencorps-duesseldorf-hamm.de\/soflines\/index.php\">Internetseite Bundesfanfarencorps D\u00fcsseldorf &#8211; Hamm e.V.<\/a><\/p>\n\n\n\n<figure class=\"wp-block-image size-large\"><img loading=\"lazy\" decoding=\"async\" width=\"1024\" height=\"678\" src=\"https:\/\/www.hammer-jaegercorps.de\/wp-content\/uploads\/2022\/08\/20160904-HW-N-\u00a9-SF-DHamm-408-1024x678.jpg\" alt=\"\" class=\"wp-image-247\" srcset=\"https:\/\/www.hammer-jaegercorps.de\/wp-content\/uploads\/2022\/08\/20160904-HW-N-\u00a9-SF-DHamm-408-1024x678.jpg 1024w, https:\/\/www.hammer-jaegercorps.de\/wp-content\/uploads\/2022\/08\/20160904-HW-N-\u00a9-SF-DHamm-408-300x199.jpg 300w, https:\/\/www.hammer-jaegercorps.de\/wp-content\/uploads\/2022\/08\/20160904-HW-N-\u00a9-SF-DHamm-408-768x509.jpg 768w, https:\/\/www.hammer-jaegercorps.de\/wp-content\/uploads\/2022\/08\/20160904-HW-N-\u00a9-SF-DHamm-408-1536x1017.jpg 1536w, https:\/\/www.hammer-jaegercorps.de\/wp-content\/uploads\/2022\/08\/20160904-HW-N-\u00a9-SF-DHamm-408-2048x1356.jpg 2048w, https:\/\/www.hammer-jaegercorps.de\/wp-content\/uploads\/2022\/08\/20160904-HW-N-\u00a9-SF-DHamm-408-2000x1325.jpg 2000w\" sizes=\"auto, (max-width: 1024px) 100vw, 1024px\" \/><figcaption>Bundesfanfarencoprs D\u00fcsseldorf &#8211; Hamm e.V. am Sch\u00fctzenfest 2016<\/figcaption><\/figure>\n\n\n\n<div class=\"wp-block-buttons is-content-justification-center is-layout-flex wp-container-core-buttons-is-layout-16018d1d wp-block-buttons-is-layout-flex\">\n<div class=\"wp-block-button\"><a class=\"wp-block-button__link\" href=\"https:\/\/www.hammer-jaegercorps.de\/\">Zur Startseite<\/a><\/div>\n<\/div>\n\n\n\n<p><\/p>\n","protected":false},"excerpt":{"rendered":"<p>Tambourkorps &#8222;Rheinklang&#8220; M\u00fcndelheim &#8211; 1926 &#8211; e.V. Mit gro\u00dfem Stolz blicken wir auf eine \u00fcber 40 j\u00e4hrige Freundschaft zur\u00fcck. Seit dem Sch\u00fctzenfest im Jahre 1979, spielt das Tambourcorps M\u00fcndelheim aus Duisburg f\u00fcr das J\u00e4gercorps und begleitet uns an allen Kirmestagen bei den Z\u00fcgen durch die Hammer Stra\u00dfen. Ein besonderes Merkmal ist der einzigartige Ton der &hellip; <\/p>\n<p class=\"link-more\"><a href=\"https:\/\/www.hammer-jaegercorps.de\/index.php\/unsere-musik\/\" class=\"more-link\">Mehr <span class=\"screen-reader-text\">\u00fcber &#8222;Unsere Musik&#8220; <\/span>Lesen<\/a><\/p>\n","protected":false},"author":2,"featured_media":0,"parent":0,"menu_order":0,"comment_status":"closed","ping_status":"closed","template":"","meta":{"footnotes":""},"class_list":["post-244","page","type-page","status-publish","hentry"],"featured_media_urls":[],"_links":{"self":[{"href":"https:\/\/www.hammer-jaegercorps.de\/index.php\/wp-json\/wp\/v2\/pages\/244","targetHints":{"allow":["GET"]}}],"collection":[{"href":"https:\/\/www.hammer-jaegercorps.de\/index.php\/wp-json\/wp\/v2\/pages"}],"about":[{"href":"https:\/\/www.hammer-jaegercorps.de\/index.php\/wp-json\/wp\/v2\/types\/page"}],"author":[{"embeddable":true,"href":"https:\/\/www.hammer-jaegercorps.de\/index.php\/wp-json\/wp\/v2\/users\/2"}],"replies":[{"embeddable":true,"href":"https:\/\/www.hammer-jaegercorps.de\/index.php\/wp-json\/wp\/v2\/comments?post=244"}],"version-history":[{"count":8,"href":"https:\/\/www.hammer-jaegercorps.de\/index.php\/wp-json\/wp\/v2\/pages\/244\/revisions"}],"predecessor-version":[{"id":573,"href":"https:\/\/www.hammer-jaegercorps.de\/index.php\/wp-json\/wp\/v2\/pages\/244\/revisions\/573"}],"wp:attachment":[{"href":"https:\/\/www.hammer-jaegercorps.de\/index.php\/wp-json\/wp\/v2\/media?parent=244"}],"curies":[{"name":"wp","href":"https:\/\/api.w.org\/{rel}","templated":true}]}}