{"id":212,"date":"2022-08-08T18:41:46","date_gmt":"2022-08-08T18:41:46","guid":{"rendered":"https:\/\/wp.hammer-jaegercorps.de\/wordpress\/?page_id=212"},"modified":"2022-08-16T18:59:46","modified_gmt":"2022-08-16T18:59:46","slug":"1883-1913","status":"publish","type":"page","link":"https:\/\/www.hammer-jaegercorps.de\/index.php\/1883-1913\/","title":{"rendered":"1883 &#8211; 1913"},"content":{"rendered":"\n<p>Die M\u00e4nner der ersten Stunde gaben sich auch eine Satzung, in der fast alles geregelt wurde. So wurde bestimmt, dass das Vereinslokal nur mit dem Willen aller Mitglieder incl. der Ehrenmitglieder verlegt werden durfte. Die Versammlungen wurden monatlich festgelegt und der Vorstand durfte nur f\u00fcr ein halbes Jahr gew\u00e4hlt werden. Auch hatte man bereits \u00fcber eine Besteuerung des Gl\u00fccksspiels nachgedacht, denn alle Gewinne im Kartenspiel \u00fcber 50 Pfennige sollten in die Vereinskasse flie\u00dfen. Wie vielleicht schon jetzt jeder vermutet hat, fand diese Regelung keine Zustimmung und wurde ersatzlos gestrichen.<\/p>\n\n\n\n<p>Die Satzung wurde in den ersten Gr\u00fcndungsjahren immer wieder den Gegebenheiten angepasst. So wurde im Oktober 1888 die Amtsdauer des Vorstandes auf ein Jahr verl\u00e4ngert. Daran hat sich bis jetzt nichts ge\u00e4ndert. Die Anzahl der Versammlungen liegt heute in der Regel bei 3 pro Jahr.<\/p>\n\n\n\n<p>1884 nahm der neu gegr\u00fcndete Verein zum ersten Mal mit 8 Musiker und mit Beritt am Sch\u00fctzenfest teil. Diese Tradition ist bis zum heutigen Tage als Privileg des J\u00e4gercorps erhalten geblieben. Auch wird seit damals die Vereinsfahne sonntags beim Major und am darauf folgenden Tag beim Hauptmann abgeholt, wobei die J\u00e4ger in gro\u00dfz\u00fcgiger Weise bewirtet werden.<\/p>\n\n\n\n<p>Der erste J\u00e4gerball wurde am 2. Weihnachtstag 1884 als Stiftungsfest gefeiert. Gro\u00df war der Jubel, als Kirmes 1889 der 21-j\u00e4hrige Jakob Burchartz als erster K\u00f6nig in die Vereinsgeschichte einging.<\/p>\n\n\n\n<p>Auf das Stiftungsfest im Dezember 1892 folgten noch zwei Versammlungen im Januar und Februar 1893. Hiermit endeten zun\u00e4chst die schriftlichen Aufzeichnungen. Am 02.09.1902 wurde ein neues Kassenbuch angelegt, w\u00e4hrend ein neues Protokollbuch erst ab 1921 wieder gef\u00fchrt wurde. Nach den \u00dcberlieferungen und den Eintragungen im Bruderschaftsbuch hatte das J\u00e4gercorps jedoch bis 1902 an allen Sch\u00fctzenfesten teilgenommen und zweimal den Sch\u00fctzenk\u00f6nig gestellt.<\/p>\n\n\n\n<p>Dem 1902 angelegten Kassenbuch ist u.a. zu entnehmen, dass zum 25-j\u00e4hrigen Bestehen des Vereins im Jahre 1908 das Vereinslokal an Kirmes festlich geschm\u00fcckt und ein Festessen veranstaltet wurde.<\/p>\n\n\n\n<p>Im letzten Kassenbericht vor Ausbruch des ersten Weltkrieges wurde die Anzahl der Mitglieder mit 21 angegeben. Im gleichen Jahr (1913) konnte wieder ein J\u00e4ger als Sch\u00fctzenk\u00f6nig gefeiert werden.<\/p>\n\n\n\n<div class=\"wp-block-buttons is-content-justification-center is-layout-flex wp-container-core-buttons-is-layout-16018d1d wp-block-buttons-is-layout-flex\">\n<div class=\"wp-block-button\"><a class=\"wp-block-button__link\" href=\"https:\/\/www.hammer-jaegercorps.de\/index.php\/geschichte\/\">Zur\u00fcck<\/a><\/div>\n<\/div>\n\n\n\n<p><\/p>\n","protected":false},"excerpt":{"rendered":"<p>Die M\u00e4nner der ersten Stunde gaben sich auch eine Satzung, in der fast alles geregelt wurde. So wurde bestimmt, dass das Vereinslokal nur mit dem Willen aller Mitglieder incl. der Ehrenmitglieder verlegt werden durfte. Die Versammlungen wurden monatlich festgelegt und der Vorstand durfte nur f\u00fcr ein halbes Jahr gew\u00e4hlt werden. Auch hatte man bereits \u00fcber &hellip; <\/p>\n<p class=\"link-more\"><a href=\"https:\/\/www.hammer-jaegercorps.de\/index.php\/1883-1913\/\" class=\"more-link\">Mehr <span class=\"screen-reader-text\">\u00fcber &#8222;1883 &#8211; 1913&#8220; <\/span>Lesen<\/a><\/p>\n","protected":false},"author":2,"featured_media":0,"parent":0,"menu_order":0,"comment_status":"closed","ping_status":"closed","template":"","meta":{"footnotes":""},"class_list":["post-212","page","type-page","status-publish","hentry"],"featured_media_urls":[],"_links":{"self":[{"href":"https:\/\/www.hammer-jaegercorps.de\/index.php\/wp-json\/wp\/v2\/pages\/212","targetHints":{"allow":["GET"]}}],"collection":[{"href":"https:\/\/www.hammer-jaegercorps.de\/index.php\/wp-json\/wp\/v2\/pages"}],"about":[{"href":"https:\/\/www.hammer-jaegercorps.de\/index.php\/wp-json\/wp\/v2\/types\/page"}],"author":[{"embeddable":true,"href":"https:\/\/www.hammer-jaegercorps.de\/index.php\/wp-json\/wp\/v2\/users\/2"}],"replies":[{"embeddable":true,"href":"https:\/\/www.hammer-jaegercorps.de\/index.php\/wp-json\/wp\/v2\/comments?post=212"}],"version-history":[{"count":3,"href":"https:\/\/www.hammer-jaegercorps.de\/index.php\/wp-json\/wp\/v2\/pages\/212\/revisions"}],"predecessor-version":[{"id":238,"href":"https:\/\/www.hammer-jaegercorps.de\/index.php\/wp-json\/wp\/v2\/pages\/212\/revisions\/238"}],"wp:attachment":[{"href":"https:\/\/www.hammer-jaegercorps.de\/index.php\/wp-json\/wp\/v2\/media?parent=212"}],"curies":[{"name":"wp","href":"https:\/\/api.w.org\/{rel}","templated":true}]}}