{"id":202,"date":"2022-08-03T20:05:36","date_gmt":"2022-08-03T20:05:36","guid":{"rendered":"https:\/\/wp.hammer-jaegercorps.de\/wordpress\/?page_id=202"},"modified":"2022-08-31T07:59:11","modified_gmt":"2022-08-31T07:59:11","slug":"bezirksschiessen-des-bezirksverbandes-duesseldorf-west-am-26-02-2012","status":"publish","type":"page","link":"https:\/\/www.hammer-jaegercorps.de\/index.php\/bezirksschiessen-des-bezirksverbandes-duesseldorf-west-am-26-02-2012\/","title":{"rendered":"Bezirksschie\u00dfen des Bezirksverbandes D\u00fcsseldorf-West am 26.02.2012"},"content":{"rendered":"\n<p>Eine betr\u00e4chtliche \u00dcberraschung gab es f\u00fcr das kleine Gefolge, darunter 6 Kameraden aus dem J\u00e4gercorps, das den amtierenden Regimentsk\u00f6nig Rolf Schiefer am 26.02.2012 zum Schie\u00dfen des Bezirksverbandes D\u00fcsseldorf-West des Bundes der Historischen Deutschen Sch\u00fctzenbruderschaften begleitet hatte. Mit 29 Treffern konnte Rolf sich gegen seine Mitbewerber durchsetzen und errang erstmals f\u00fcr die Hammer Sch\u00fctzenbruderschaft den Titel eines Bezirksk\u00f6nigs. Als Bezirksk\u00f6nig repr\u00e4sentierte Rolf Schiefer f\u00fcr ein Jahr alle Sch\u00fctzen aus den 6 Mitgliedsbruderschaften und den 9 Mitgliedskompanien, die zu dieser Zeit dem Bezirksverband D\u00fcsseldorf-West angeschlossen waren. Zugleich hatte er die Berechtigung erworben, am Bundesk\u00f6nigsschie\u00dfen teilzunehmen. Dies war ein gro\u00dfartiger Erfolg, auf den die Bruderschaft, aber nat\u00fcrlich auch das J\u00e4gercorps stolz sein kann.<\/p>\n\n\n\n<figure class=\"wp-block-image alignwide size-full\"><img loading=\"lazy\" decoding=\"async\" width=\"300\" height=\"485\" src=\"https:\/\/www.hammer-jaegercorps.de\/wp-content\/uploads\/2022\/08\/image.png\" alt=\"\" class=\"wp-image-203\" srcset=\"https:\/\/www.hammer-jaegercorps.de\/wp-content\/uploads\/2022\/08\/image.png 300w, https:\/\/www.hammer-jaegercorps.de\/wp-content\/uploads\/2022\/08\/image-186x300.png 186w\" sizes=\"auto, (max-width: 300px) 100vw, 300px\" \/><figcaption>Rolf Schiefer<\/figcaption><\/figure>\n\n\n\n<div class=\"wp-block-buttons is-content-justification-center is-layout-flex wp-container-core-buttons-is-layout-16018d1d wp-block-buttons-is-layout-flex\">\n<div class=\"wp-block-button\"><a class=\"wp-block-button__link\" href=\"https:\/\/www.hammer-jaegercorps.de\/index.php\/koenige\/\">Zur\u00fcck<\/a><\/div>\n<\/div>\n\n\n\n<p><\/p>\n","protected":false},"excerpt":{"rendered":"<p>Eine betr\u00e4chtliche \u00dcberraschung gab es f\u00fcr das kleine Gefolge, darunter 6 Kameraden aus dem J\u00e4gercorps, das den amtierenden Regimentsk\u00f6nig Rolf Schiefer am 26.02.2012 zum Schie\u00dfen des Bezirksverbandes D\u00fcsseldorf-West des Bundes der Historischen Deutschen Sch\u00fctzenbruderschaften begleitet hatte. Mit 29 Treffern konnte Rolf sich gegen seine Mitbewerber durchsetzen und errang erstmals f\u00fcr die Hammer Sch\u00fctzenbruderschaft den Titel &hellip; <\/p>\n<p class=\"link-more\"><a href=\"https:\/\/www.hammer-jaegercorps.de\/index.php\/bezirksschiessen-des-bezirksverbandes-duesseldorf-west-am-26-02-2012\/\" class=\"more-link\">Mehr <span class=\"screen-reader-text\">\u00fcber &#8222;Bezirksschie\u00dfen des Bezirksverbandes D\u00fcsseldorf-West am 26.02.2012&#8220; <\/span>Lesen<\/a><\/p>\n","protected":false},"author":2,"featured_media":0,"parent":0,"menu_order":0,"comment_status":"closed","ping_status":"closed","template":"","meta":{"footnotes":""},"class_list":["post-202","page","type-page","status-publish","hentry"],"featured_media_urls":[],"_links":{"self":[{"href":"https:\/\/www.hammer-jaegercorps.de\/index.php\/wp-json\/wp\/v2\/pages\/202","targetHints":{"allow":["GET"]}}],"collection":[{"href":"https:\/\/www.hammer-jaegercorps.de\/index.php\/wp-json\/wp\/v2\/pages"}],"about":[{"href":"https:\/\/www.hammer-jaegercorps.de\/index.php\/wp-json\/wp\/v2\/types\/page"}],"author":[{"embeddable":true,"href":"https:\/\/www.hammer-jaegercorps.de\/index.php\/wp-json\/wp\/v2\/users\/2"}],"replies":[{"embeddable":true,"href":"https:\/\/www.hammer-jaegercorps.de\/index.php\/wp-json\/wp\/v2\/comments?post=202"}],"version-history":[{"count":6,"href":"https:\/\/www.hammer-jaegercorps.de\/index.php\/wp-json\/wp\/v2\/pages\/202\/revisions"}],"predecessor-version":[{"id":598,"href":"https:\/\/www.hammer-jaegercorps.de\/index.php\/wp-json\/wp\/v2\/pages\/202\/revisions\/598"}],"wp:attachment":[{"href":"https:\/\/www.hammer-jaegercorps.de\/index.php\/wp-json\/wp\/v2\/media?parent=202"}],"curies":[{"name":"wp","href":"https:\/\/api.w.org\/{rel}","templated":true}]}}