{"id":16,"date":"2022-07-25T18:40:13","date_gmt":"2022-07-25T18:40:13","guid":{"rendered":"https:\/\/wp.hammer-jaegercorps.de\/wordpress\/?page_id=16"},"modified":"2026-04-19T10:21:43","modified_gmt":"2026-04-19T10:21:43","slug":"schoene-portfolios-fuer-aussergewoehnliche-kreative","status":"publish","type":"page","link":"https:\/\/www.hammer-jaegercorps.de\/","title":{"rendered":"Termine"},"content":{"rendered":"\n<div class=\"wp-block-group\"><div class=\"wp-block-group__inner-container is-layout-flow wp-block-group-is-layout-flow\">\n<figure class=\"wp-block-table is-style-stripes has-small-font-size\"><table><tbody><tr><td><strong>Veranstaltung<\/strong><\/td><td><strong>Ort<\/strong><\/td><td><strong>Datum<\/strong><\/td><td><strong>Uhrzeit<\/strong><\/td><td><\/td><td><\/td><\/tr><tr><td>100-j\u00e4hrige Jubil\u00e4um M\u00fcndelheim<\/td><td>Eigenanreise <\/td><td>03.05.2026<\/td><td>09.45 Uhr<\/td><td><\/td><td><\/td><\/tr><tr><td>Pfarrprozession<\/td><td>Pfarrkirche St. Blasius<\/td><td>31.05.2026<\/td><td>08:45 Uhr<\/td><td><\/td><td><\/td><\/tr><tr><td>Sch\u00fctzenfest Eckum<\/td><td>Eigenanreise<\/td><td>15.06.2026<\/td><td>12:00 Uhr<\/td><td><\/td><td><\/td><\/tr><tr><td>Kompanieschie\u00dfen<\/td><td>Sch\u00fctzenplatz<\/td><td>20.06.2026<\/td><td>16:00 Uhr<\/td><td><\/td><td><\/td><\/tr><tr><td>Fackelbesprechung<\/td><td>Hauptmann<\/td><td>03.07.2026<\/td><td>18:00 Uhr<\/td><td><\/td><td><\/td><\/tr><tr><td>Mitgliederversammlung<\/td><td>Vereinslokal<\/td><td>18.07.2026<\/td><td>20:00 Uhr<\/td><td><\/td><td><\/td><\/tr><tr><td>Sch\u00fctzenfest<\/td><td>05.09.-08.09.2026<\/td><td><\/td><td><\/td><td><\/td><td><\/td><\/tr><tr><td>Fackelabbau<\/td><td>Bauplatz<\/td><td>09.09.2026<\/td><td>15:00 Uhr<\/td><td><\/td><td><\/td><\/tr><tr><td>Rettichessen<\/td><td>09.09.2026<\/td><td>S. Buresch<\/td><td>18:00 Uhr<\/td><td><\/td><td><\/td><\/tr><tr><td>Generalversammlung<\/td><td>Vereinslokal<\/td><td>21.11.2026<\/td><td>19:00 Uhr<\/td><td><\/td><td><\/td><\/tr><tr><td>Frauenkaffee<\/td><td>Vereinslokal<\/td><td>25.11.2026<\/td><td>16:00 Uhr<\/td><td><\/td><td><\/td><\/tr><tr><td>Nikolausfeier<\/td><td>Vereinslokal<\/td><td>13.12.2026<\/td><td>16:00 Uhr<\/td><td><\/td><td><\/td><\/tr><tr><td>Festgottesdienst J\u00e4gercorps<\/td><td>Pfarrkirche St. Blasius<\/td><td>26.12.2026<\/td><td>09:30 Uhr<\/td><td><\/td><td><\/td><\/tr><\/tbody><\/table><\/figure>\n<\/div><\/div>\n\n\n\n<div style=\"height:55px\" aria-hidden=\"true\" class=\"wp-block-spacer\"><\/div>\n\n\n\n<div class=\"wp-block-group alignfull has-background\" style=\"background-color:#e5e9ec\"><div class=\"wp-block-group__inner-container is-layout-flow wp-block-group-is-layout-flow\">\n<div class=\"wp-block-columns is-layout-flex wp-container-core-columns-is-layout-9d6595d7 wp-block-columns-is-layout-flex\">\n<div class=\"wp-block-column is-vertically-aligned-center is-layout-flow wp-block-column-is-layout-flow\">\n<h2 class=\"wp-block-heading\">Das Corps<\/h2>\n\n\n\n<p>Wie das J\u00e4gercorps zu seinem Namen kam, ist heute nicht mehr genau zu ergr\u00fcnden. Dem Wortstamm nach ist ein&nbsp;<em>Korps<\/em>&nbsp;(franz. corps) ein durch Gesetz, Beruf oder Gebr\u00e4uche fest verbundener Personenkreis oder ein gr\u00f6\u00dferer Truppenverband, und ist dem&nbsp; lateinischen Corpus, &#8222;K\u00f6rper&#8220;, entlehnt.<\/p>\n\n\n\n<p>Es darf aber davon ausgegangen werden, dass der Begriff des J\u00e4gercorps durch den Gr\u00fcnder Wilhelm Sinzig gepr\u00e4gt wurde. Dieser hatte sich f\u00fcr 2 Jahre als Musketier in Elsa\u00df-Lothringen verdingt, als er mit festem Willen zur Gr\u00fcndung eines Sch\u00fctzenvereines mit festen Statuten in seine Heimat zur\u00fcckkehrte. Vor dem Jahr 1883 bestand zwar ein J\u00e4gerverein, der jedoch wegen Uneinigkeit und fehlendem Kassenbestand aufgel\u00f6st wurde.<\/p>\n\n\n\n<div class=\"wp-block-buttons is-horizontal is-content-justification-left is-layout-flex wp-container-core-buttons-is-layout-7e5fce0a wp-block-buttons-is-layout-flex\">\n<div class=\"wp-block-button is-style-outline is-style-outline--1\"><a class=\"wp-block-button__link wp-element-button\" href=\"https:\/\/www.hammer-jaegercorps.de\/index.php\/mitglieder\/\">\u00dcber uns<\/a><\/div>\n<\/div>\n\n\n\n<p><\/p>\n<\/div>\n\n\n\n<div class=\"wp-block-column is-layout-flow wp-block-column-is-layout-flow\">\n<div style=\"height:48px\" aria-hidden=\"true\" class=\"wp-block-spacer\"><\/div>\n\n\n\n<figure class=\"wp-block-image size-large\"><img loading=\"lazy\" decoding=\"async\" width=\"1024\" height=\"642\" src=\"https:\/\/www.hammer-jaegercorps.de\/wp-content\/uploads\/2022\/07\/Bilder-Verein-001-1024x642.jpg\" alt=\"\" class=\"wp-image-77\" srcset=\"https:\/\/www.hammer-jaegercorps.de\/wp-content\/uploads\/2022\/07\/Bilder-Verein-001-1024x642.jpg 1024w, https:\/\/www.hammer-jaegercorps.de\/wp-content\/uploads\/2022\/07\/Bilder-Verein-001-300x188.jpg 300w, https:\/\/www.hammer-jaegercorps.de\/wp-content\/uploads\/2022\/07\/Bilder-Verein-001-768x481.jpg 768w, https:\/\/www.hammer-jaegercorps.de\/wp-content\/uploads\/2022\/07\/Bilder-Verein-001-1536x963.jpg 1536w, https:\/\/www.hammer-jaegercorps.de\/wp-content\/uploads\/2022\/07\/Bilder-Verein-001-2048x1284.jpg 2048w, https:\/\/www.hammer-jaegercorps.de\/wp-content\/uploads\/2022\/07\/Bilder-Verein-001-2000x1253.jpg 2000w\" sizes=\"auto, (max-width: 1024px) 100vw, 1024px\" \/><\/figure>\n<\/div>\n<\/div>\n<\/div><\/div>\n\n\n\n<p><\/p>\n\n\n\n<div class=\"wp-block-group alignfull\"><div class=\"wp-block-group__inner-container is-layout-flow wp-block-group-is-layout-flow\">\n<div class=\"wp-block-columns are-vertically-aligned-center is-layout-flex wp-container-core-columns-is-layout-9d6595d7 wp-block-columns-is-layout-flex\">\n<div class=\"wp-block-column is-vertically-aligned-center is-layout-flow wp-block-column-is-layout-flow\">\n<div style=\"height:48px\" aria-hidden=\"true\" class=\"wp-block-spacer\"><\/div>\n\n\n\n<figure class=\"wp-block-image size-large\"><img loading=\"lazy\" decoding=\"async\" width=\"1024\" height=\"678\" src=\"https:\/\/www.hammer-jaegercorps.de\/wp-content\/uploads\/2022\/08\/20160904-HW-N-\u00a9-SF-DHamm-405-1024x678.jpg\" alt=\"\" class=\"wp-image-129\" srcset=\"https:\/\/www.hammer-jaegercorps.de\/wp-content\/uploads\/2022\/08\/20160904-HW-N-\u00a9-SF-DHamm-405-1024x678.jpg 1024w, https:\/\/www.hammer-jaegercorps.de\/wp-content\/uploads\/2022\/08\/20160904-HW-N-\u00a9-SF-DHamm-405-300x199.jpg 300w, https:\/\/www.hammer-jaegercorps.de\/wp-content\/uploads\/2022\/08\/20160904-HW-N-\u00a9-SF-DHamm-405-768x509.jpg 768w, https:\/\/www.hammer-jaegercorps.de\/wp-content\/uploads\/2022\/08\/20160904-HW-N-\u00a9-SF-DHamm-405-1536x1017.jpg 1536w, https:\/\/www.hammer-jaegercorps.de\/wp-content\/uploads\/2022\/08\/20160904-HW-N-\u00a9-SF-DHamm-405-2048x1356.jpg 2048w, https:\/\/www.hammer-jaegercorps.de\/wp-content\/uploads\/2022\/08\/20160904-HW-N-\u00a9-SF-DHamm-405-2000x1325.jpg 2000w\" sizes=\"auto, (max-width: 1024px) 100vw, 1024px\" \/><\/figure>\n<\/div>\n\n\n\n<div class=\"wp-block-column is-vertically-aligned-center is-layout-flow wp-block-column-is-layout-flow\">\n<h2 class=\"wp-block-heading\">Unsere Musik<\/h2>\n\n\n\n<p>Mit gro\u00dfem Stolz pflegt das J\u00e4gercorps seid vielen Jahren eine enge Freundschaft zu seinen Musikvereinen. Neben dem Tambourcorps aus M\u00fcndelheim und dem Orchestor ArDo, ist man stolz an allen Tagen des Sch\u00fctzenfestes, durch das Bundesfanfahrencorps aus D\u00fcsseldorf Hamm, musikalisch begleitet zu werden.<\/p>\n\n\n\n<div class=\"wp-block-buttons is-layout-flex wp-block-buttons-is-layout-flex\">\n<div class=\"wp-block-button is-style-outline is-style-outline--2\"><a class=\"wp-block-button__link wp-element-button\" href=\"https:\/\/www.hammer-jaegercorps.de\/index.php\/unsere-musik\/\">Unsere Musik<\/a><\/div>\n<\/div>\n<\/div>\n<\/div>\n<\/div><\/div>\n\n\n\n<div class=\"wp-block-group alignfull has-background\" style=\"background-color:#e5e9ec\"><div class=\"wp-block-group__inner-container is-layout-flow wp-block-group-is-layout-flow\">\n<div class=\"wp-block-columns is-layout-flex wp-container-core-columns-is-layout-9d6595d7 wp-block-columns-is-layout-flex\">\n<div class=\"wp-block-column is-vertically-aligned-center is-layout-flow wp-block-column-is-layout-flow\">\n<h2 class=\"wp-block-heading\">Freunde aus Eckum<\/h2>\n\n\n\n<p>Unsere Freunde aus Eckum sind seid Jahrzehnten fester Bestandteil des Hammer Sch\u00fctzenfestes. B\u00f6llersch\u00fcsse er\u00f6ffnen das Sch\u00fctzenfest und verk\u00fcnden am Kirmesmontag den neuen K\u00f6nig von Hamm. <\/p>\n\n\n\n<div class=\"wp-block-buttons is-horizontal is-content-justification-left is-layout-flex wp-container-core-buttons-is-layout-7e5fce0a wp-block-buttons-is-layout-flex\">\n<div class=\"wp-block-button is-style-outline is-style-outline--3\"><a class=\"wp-block-button__link wp-element-button\" href=\"https:\/\/www.hammer-jaegercorps.de\/index.php\/artillerie-corps-eckum-gegr-1950\/\">Das ArtilLerie-Corps <\/a><\/div>\n<\/div>\n\n\n\n<p><\/p>\n<\/div>\n\n\n\n<div class=\"wp-block-column is-layout-flow wp-block-column-is-layout-flow\">\n<div style=\"height:48px\" aria-hidden=\"true\" class=\"wp-block-spacer\"><\/div>\n\n\n\n<figure class=\"wp-block-image size-large\"><img loading=\"lazy\" decoding=\"async\" width=\"1024\" height=\"678\" src=\"https:\/\/www.hammer-jaegercorps.de\/wp-content\/uploads\/2022\/08\/20160904-HW-N-\u00a9-SF-DHamm-461-1024x678.jpg\" alt=\"\" class=\"wp-image-130\" srcset=\"https:\/\/www.hammer-jaegercorps.de\/wp-content\/uploads\/2022\/08\/20160904-HW-N-\u00a9-SF-DHamm-461-1024x678.jpg 1024w, https:\/\/www.hammer-jaegercorps.de\/wp-content\/uploads\/2022\/08\/20160904-HW-N-\u00a9-SF-DHamm-461-300x199.jpg 300w, https:\/\/www.hammer-jaegercorps.de\/wp-content\/uploads\/2022\/08\/20160904-HW-N-\u00a9-SF-DHamm-461-768x509.jpg 768w, https:\/\/www.hammer-jaegercorps.de\/wp-content\/uploads\/2022\/08\/20160904-HW-N-\u00a9-SF-DHamm-461-1536x1017.jpg 1536w, https:\/\/www.hammer-jaegercorps.de\/wp-content\/uploads\/2022\/08\/20160904-HW-N-\u00a9-SF-DHamm-461-2048x1356.jpg 2048w, https:\/\/www.hammer-jaegercorps.de\/wp-content\/uploads\/2022\/08\/20160904-HW-N-\u00a9-SF-DHamm-461-2000x1325.jpg 2000w\" sizes=\"auto, (max-width: 1024px) 100vw, 1024px\" \/><\/figure>\n<\/div>\n<\/div>\n<\/div><\/div>\n\n\n\n<div class=\"wp-block-group alignfull\"><div class=\"wp-block-group__inner-container is-layout-flow wp-block-group-is-layout-flow\"><\/div><\/div>\n\n\n\n<p><\/p>\n\n\n\n<div class=\"wp-block-group alignfull has-black-background-color has-background\"><div class=\"wp-block-group__inner-container is-layout-flow wp-block-group-is-layout-flow\">\n<h2 class=\"wp-block-heading has-text-align-center has-white-color has-text-color\"><strong>Gal<\/strong>erie<\/h2>\n\n\n\n<figure class=\"wp-block-gallery aligncenter has-nested-images columns-default is-cropped wp-block-gallery-4 is-layout-flex wp-block-gallery-is-layout-flex\">\n<figure class=\"wp-block-image size-large\"><img loading=\"lazy\" decoding=\"async\" width=\"1024\" height=\"627\" data-id=\"80\" src=\"https:\/\/www.hammer-jaegercorps.de\/wp-content\/uploads\/2022\/07\/Bilder-Verein-002-1024x627.jpg\" alt=\"\" class=\"wp-image-80\" srcset=\"https:\/\/www.hammer-jaegercorps.de\/wp-content\/uploads\/2022\/07\/Bilder-Verein-002-1024x627.jpg 1024w, https:\/\/www.hammer-jaegercorps.de\/wp-content\/uploads\/2022\/07\/Bilder-Verein-002-300x184.jpg 300w, https:\/\/www.hammer-jaegercorps.de\/wp-content\/uploads\/2022\/07\/Bilder-Verein-002-768x470.jpg 768w, https:\/\/www.hammer-jaegercorps.de\/wp-content\/uploads\/2022\/07\/Bilder-Verein-002-1536x941.jpg 1536w, https:\/\/www.hammer-jaegercorps.de\/wp-content\/uploads\/2022\/07\/Bilder-Verein-002.jpg 1946w\" sizes=\"auto, (max-width: 1024px) 100vw, 1024px\" \/><\/figure>\n\n\n\n<figure class=\"wp-block-image size-full\"><img loading=\"lazy\" decoding=\"async\" width=\"636\" height=\"318\" data-id=\"81\" src=\"https:\/\/www.hammer-jaegercorps.de\/wp-content\/uploads\/2022\/07\/Parade-Tanzeinlage.png\" alt=\"\" class=\"wp-image-81\" srcset=\"https:\/\/www.hammer-jaegercorps.de\/wp-content\/uploads\/2022\/07\/Parade-Tanzeinlage.png 636w, https:\/\/www.hammer-jaegercorps.de\/wp-content\/uploads\/2022\/07\/Parade-Tanzeinlage-300x150.png 300w\" sizes=\"auto, (max-width: 636px) 100vw, 636px\" \/><\/figure>\n\n\n\n<figure class=\"wp-block-image size-large\"><img loading=\"lazy\" decoding=\"async\" width=\"1024\" height=\"768\" data-id=\"83\" src=\"https:\/\/www.hammer-jaegercorps.de\/wp-content\/uploads\/2022\/07\/Biwak-beim-Major-1024x768.jpg\" alt=\"\" class=\"wp-image-83\" srcset=\"https:\/\/www.hammer-jaegercorps.de\/wp-content\/uploads\/2022\/07\/Biwak-beim-Major-1024x768.jpg 1024w, https:\/\/www.hammer-jaegercorps.de\/wp-content\/uploads\/2022\/07\/Biwak-beim-Major-300x225.jpg 300w, https:\/\/www.hammer-jaegercorps.de\/wp-content\/uploads\/2022\/07\/Biwak-beim-Major-768x576.jpg 768w, https:\/\/www.hammer-jaegercorps.de\/wp-content\/uploads\/2022\/07\/Biwak-beim-Major-1536x1152.jpg 1536w, https:\/\/www.hammer-jaegercorps.de\/wp-content\/uploads\/2022\/07\/Biwak-beim-Major-2048x1536.jpg 2048w, https:\/\/www.hammer-jaegercorps.de\/wp-content\/uploads\/2022\/07\/Biwak-beim-Major-2000x1500.jpg 2000w\" sizes=\"auto, (max-width: 1024px) 100vw, 1024px\" \/><\/figure>\n\n\n\n<figure class=\"wp-block-image size-large\"><img loading=\"lazy\" decoding=\"async\" width=\"1024\" height=\"678\" data-id=\"84\" src=\"https:\/\/www.hammer-jaegercorps.de\/wp-content\/uploads\/2022\/07\/20150906-HW-N-\u00a9-SF-Hamm-Zug244-1024x678.jpg\" alt=\"\" class=\"wp-image-84\" srcset=\"https:\/\/www.hammer-jaegercorps.de\/wp-content\/uploads\/2022\/07\/20150906-HW-N-\u00a9-SF-Hamm-Zug244-1024x678.jpg 1024w, https:\/\/www.hammer-jaegercorps.de\/wp-content\/uploads\/2022\/07\/20150906-HW-N-\u00a9-SF-Hamm-Zug244-300x199.jpg 300w, https:\/\/www.hammer-jaegercorps.de\/wp-content\/uploads\/2022\/07\/20150906-HW-N-\u00a9-SF-Hamm-Zug244-768x509.jpg 768w, https:\/\/www.hammer-jaegercorps.de\/wp-content\/uploads\/2022\/07\/20150906-HW-N-\u00a9-SF-Hamm-Zug244-1536x1017.jpg 1536w, https:\/\/www.hammer-jaegercorps.de\/wp-content\/uploads\/2022\/07\/20150906-HW-N-\u00a9-SF-Hamm-Zug244-2048x1356.jpg 2048w, https:\/\/www.hammer-jaegercorps.de\/wp-content\/uploads\/2022\/07\/20150906-HW-N-\u00a9-SF-Hamm-Zug244-2000x1325.jpg 2000w\" sizes=\"auto, (max-width: 1024px) 100vw, 1024px\" \/><\/figure>\n\n\n\n<figure class=\"wp-block-image size-large\"><img loading=\"lazy\" decoding=\"async\" width=\"1024\" height=\"678\" data-id=\"85\" src=\"https:\/\/www.hammer-jaegercorps.de\/wp-content\/uploads\/2022\/07\/20150904-HW-N-\u00a9-Richtfest-Jaeger-Hamm-160-1024x678.jpg\" alt=\"\" class=\"wp-image-85\" srcset=\"https:\/\/www.hammer-jaegercorps.de\/wp-content\/uploads\/2022\/07\/20150904-HW-N-\u00a9-Richtfest-Jaeger-Hamm-160-1024x678.jpg 1024w, https:\/\/www.hammer-jaegercorps.de\/wp-content\/uploads\/2022\/07\/20150904-HW-N-\u00a9-Richtfest-Jaeger-Hamm-160-300x199.jpg 300w, https:\/\/www.hammer-jaegercorps.de\/wp-content\/uploads\/2022\/07\/20150904-HW-N-\u00a9-Richtfest-Jaeger-Hamm-160-768x509.jpg 768w, https:\/\/www.hammer-jaegercorps.de\/wp-content\/uploads\/2022\/07\/20150904-HW-N-\u00a9-Richtfest-Jaeger-Hamm-160-1536x1017.jpg 1536w, https:\/\/www.hammer-jaegercorps.de\/wp-content\/uploads\/2022\/07\/20150904-HW-N-\u00a9-Richtfest-Jaeger-Hamm-160.jpg 1812w\" sizes=\"auto, (max-width: 1024px) 100vw, 1024px\" \/><\/figure>\n\n\n\n<figure class=\"wp-block-image size-full\"><img loading=\"lazy\" decoding=\"async\" width=\"724\" height=\"372\" data-id=\"87\" src=\"https:\/\/www.hammer-jaegercorps.de\/wp-content\/uploads\/2022\/07\/Fackelzug.png\" alt=\"\" class=\"wp-image-87\" srcset=\"https:\/\/www.hammer-jaegercorps.de\/wp-content\/uploads\/2022\/07\/Fackelzug.png 724w, https:\/\/www.hammer-jaegercorps.de\/wp-content\/uploads\/2022\/07\/Fackelzug-300x154.png 300w\" sizes=\"auto, (max-width: 724px) 100vw, 724px\" \/><\/figure>\n<\/figure>\n<\/div><\/div>\n\n\n\n<div class=\"wp-block-cover alignfull is-light has-parallax is-position-center-center\" style=\"min-height:375px;aspect-ratio:unset;\"><div class=\"wp-block-cover__image-background wp-image-301 has-parallax\" style=\"background-position:50% 50%;background-image:url(https:\/\/www.hammer-jaegercorps.de\/wp-content\/uploads\/2022\/08\/2013-St.-Seb.-Jaegercorps-ohne-Beritt-1.jpg)\"><\/div><span aria-hidden=\"true\" class=\"wp-block-cover__background has-black-background-color has-background-dim-40 has-background-dim\"><\/span><div class=\"wp-block-cover__inner-container is-layout-flow wp-block-cover-is-layout-flow\">\n<p class=\"has-text-align-center has-text-color has-huge-font-size\" style=\"color:#fffffa;line-height:1.1\"><\/p>\n\n\n\n<p class=\"has-text-align-center\"><\/p>\n\n\n\n<div style=\"height:39px\" aria-hidden=\"true\" class=\"wp-block-spacer\"><\/div>\n\n\n\n<div class=\"wp-block-buttons is-horizontal is-content-justification-center is-layout-flex wp-container-core-buttons-is-layout-499968f5 wp-block-buttons-is-layout-flex\">\n<div class=\"wp-block-button is-style-outline is-style-outline--5\"><a class=\"wp-block-button__link has-white-color has-text-color wp-element-button\" href=\"https:\/\/www.hammer-jaegercorps.de\/index.php\/mitglied-werden-2\/\">Mitglied werden<\/a><\/div>\n<\/div>\n<\/div><\/div>\n\n\n\n<p><\/p>\n","protected":false},"excerpt":{"rendered":"<p>Veranstaltung Ort Datum Uhrzeit 100-j\u00e4hrige Jubil\u00e4um M\u00fcndelheim Eigenanreise 03.05.2026 09.45 Uhr Pfarrprozession Pfarrkirche St. Blasius 31.05.2026 08:45 Uhr Sch\u00fctzenfest Eckum Eigenanreise 15.06.2026 12:00 Uhr Kompanieschie\u00dfen Sch\u00fctzenplatz 20.06.2026 16:00 Uhr Fackelbesprechung Hauptmann 03.07.2026 18:00 Uhr Mitgliederversammlung Vereinslokal 18.07.2026 20:00 Uhr Sch\u00fctzenfest 05.09.-08.09.2026 Fackelabbau Bauplatz 09.09.2026 15:00 Uhr Rettichessen 09.09.2026 S. Buresch 18:00 Uhr Generalversammlung Vereinslokal 21.11.2026 &hellip; <\/p>\n<p class=\"link-more\"><a href=\"https:\/\/www.hammer-jaegercorps.de\/\" class=\"more-link\">Mehr <span class=\"screen-reader-text\">\u00fcber &#8222;Termine&#8220; <\/span>Lesen<\/a><\/p>\n","protected":false},"author":2,"featured_media":89,"parent":0,"menu_order":0,"comment_status":"closed","ping_status":"closed","template":"","meta":{"footnotes":""},"class_list":["post-16","page","type-page","status-publish","has-post-thumbnail","hentry"],"featured_media_urls":{"thumbnail":["https:\/\/www.hammer-jaegercorps.de\/wp-content\/uploads\/2022\/07\/2013-St.-Seb.-Jaegercorps-mit-Beritt-150x150.jpg",150,150,true],"medium":["https:\/\/www.hammer-jaegercorps.de\/wp-content\/uploads\/2022\/07\/2013-St.-Seb.-Jaegercorps-mit-Beritt-300x186.jpg",300,186,true],"medium_large":["https:\/\/www.hammer-jaegercorps.de\/wp-content\/uploads\/2022\/07\/2013-St.-Seb.-Jaegercorps-mit-Beritt-768x477.jpg",768,477,true],"large":["https:\/\/www.hammer-jaegercorps.de\/wp-content\/uploads\/2022\/07\/2013-St.-Seb.-Jaegercorps-mit-Beritt-1024x636.jpg",950,590,true],"1536x1536":["https:\/\/www.hammer-jaegercorps.de\/wp-content\/uploads\/2022\/07\/2013-St.-Seb.-Jaegercorps-mit-Beritt-1536x955.jpg",1536,955,true],"2048x2048":["https:\/\/www.hammer-jaegercorps.de\/wp-content\/uploads\/2022\/07\/2013-St.-Seb.-Jaegercorps-mit-Beritt.jpg",1905,1184,false],"inspiro-featured-image":["https:\/\/www.hammer-jaegercorps.de\/wp-content\/uploads\/2022\/07\/2013-St.-Seb.-Jaegercorps-mit-Beritt.jpg",1905,1184,false],"inspiro-loop":["https:\/\/www.hammer-jaegercorps.de\/wp-content\/uploads\/2022\/07\/2013-St.-Seb.-Jaegercorps-mit-Beritt-950x320.jpg",950,320,true],"inspiro-loop@2x":["https:\/\/www.hammer-jaegercorps.de\/wp-content\/uploads\/2022\/07\/2013-St.-Seb.-Jaegercorps-mit-Beritt-1900x640.jpg",1900,640,true],"portfolio_item-thumbnail":["https:\/\/www.hammer-jaegercorps.de\/wp-content\/uploads\/2022\/07\/2013-St.-Seb.-Jaegercorps-mit-Beritt.jpg",600,373,false],"portfolio_item-masonry":["https:\/\/www.hammer-jaegercorps.de\/wp-content\/uploads\/2022\/07\/2013-St.-Seb.-Jaegercorps-mit-Beritt.jpg",600,373,false],"portfolio_item-thumbnail_cinema":["https:\/\/www.hammer-jaegercorps.de\/wp-content\/uploads\/2022\/07\/2013-St.-Seb.-Jaegercorps-mit-Beritt.jpg",539,335,false],"portfolio_item-thumbnail_portrait":["https:\/\/www.hammer-jaegercorps.de\/wp-content\/uploads\/2022\/07\/2013-St.-Seb.-Jaegercorps-mit-Beritt.jpg",600,373,false],"portfolio_item-thumbnail_square":["https:\/\/www.hammer-jaegercorps.de\/wp-content\/uploads\/2022\/07\/2013-St.-Seb.-Jaegercorps-mit-Beritt.jpg",800,497,false]},"_links":{"self":[{"href":"https:\/\/www.hammer-jaegercorps.de\/index.php\/wp-json\/wp\/v2\/pages\/16","targetHints":{"allow":["GET"]}}],"collection":[{"href":"https:\/\/www.hammer-jaegercorps.de\/index.php\/wp-json\/wp\/v2\/pages"}],"about":[{"href":"https:\/\/www.hammer-jaegercorps.de\/index.php\/wp-json\/wp\/v2\/types\/page"}],"author":[{"embeddable":true,"href":"https:\/\/www.hammer-jaegercorps.de\/index.php\/wp-json\/wp\/v2\/users\/2"}],"replies":[{"embeddable":true,"href":"https:\/\/www.hammer-jaegercorps.de\/index.php\/wp-json\/wp\/v2\/comments?post=16"}],"version-history":[{"count":90,"href":"https:\/\/www.hammer-jaegercorps.de\/index.php\/wp-json\/wp\/v2\/pages\/16\/revisions"}],"predecessor-version":[{"id":832,"href":"https:\/\/www.hammer-jaegercorps.de\/index.php\/wp-json\/wp\/v2\/pages\/16\/revisions\/832"}],"wp:featuredmedia":[{"embeddable":true,"href":"https:\/\/www.hammer-jaegercorps.de\/index.php\/wp-json\/wp\/v2\/media\/89"}],"wp:attachment":[{"href":"https:\/\/www.hammer-jaegercorps.de\/index.php\/wp-json\/wp\/v2\/media?parent=16"}],"curies":[{"name":"wp","href":"https:\/\/api.w.org\/{rel}","templated":true}]}}