{"id":118,"date":"2022-07-26T19:48:05","date_gmt":"2022-07-26T19:48:05","guid":{"rendered":"https:\/\/wp.hammer-jaegercorps.de\/wordpress\/?page_id=118"},"modified":"2026-04-19T10:31:39","modified_gmt":"2026-04-19T10:31:39","slug":"mitglieder","status":"publish","type":"page","link":"https:\/\/www.hammer-jaegercorps.de\/index.php\/mitglieder\/","title":{"rendered":"Das Corps"},"content":{"rendered":"\n<p><\/p>\n\n\n\n<div class=\"wp-block-columns is-layout-flex wp-container-core-columns-is-layout-9d6595d7 wp-block-columns-is-layout-flex\">\n<div class=\"wp-block-column is-layout-flow wp-block-column-is-layout-flow\">\n<h2 class=\"wp-block-heading alignwide\">Vorstand <\/h2>\n\n\n\n<p>Das J\u00e4gercorps hat einen gesch\u00e4ftsf\u00fchrenden Vorstand, der sich aus folgenden&nbsp;Personen zusammensetzt:<\/p>\n\n\n\n<p><strong>1.  Vorsitzender: <\/strong>    Christopher Drenkard<br><strong>2. Vorsitzender:<\/strong>     Alexander Tomm<br><strong>1. Schriftf\u00fchrer:<\/strong>    Markus Andree<br><strong>2. Schriftf\u00fchrer:<\/strong>    Andreas Basen<br><strong>1. Kassierer:<\/strong>          Christian Konen<br><strong>2. Kassierer: <\/strong>        Christian Leuchten<\/p>\n\n\n\n<p><br><strong>1.  Hauptmann:<\/strong>      Michael Andree<br><strong>2. Hauptmann:<\/strong>       Hans-Josef Franken<\/p>\n\n\n\n<p><strong>Spie\u00df:<\/strong>                     Nikolai Frank<\/p>\n<\/div>\n<\/div>\n\n\n\n<h2 class=\"wp-block-heading\">Beritt<\/h2>\n\n\n\n<figure class=\"wp-block-image size-large is-resized\"><img loading=\"lazy\" decoding=\"async\" width=\"1024\" height=\"684\" src=\"https:\/\/www.hammer-jaegercorps.de\/wp-content\/uploads\/2023\/10\/Major-Jaeger-1024x684.jpg\" alt=\"\" class=\"wp-image-703\" style=\"aspect-ratio:1.5108877721943048;width:626px;height:auto\" srcset=\"https:\/\/www.hammer-jaegercorps.de\/wp-content\/uploads\/2023\/10\/Major-Jaeger-1024x684.jpg 1024w, https:\/\/www.hammer-jaegercorps.de\/wp-content\/uploads\/2023\/10\/Major-Jaeger-300x200.jpg 300w, https:\/\/www.hammer-jaegercorps.de\/wp-content\/uploads\/2023\/10\/Major-Jaeger-768x513.jpg 768w, https:\/\/www.hammer-jaegercorps.de\/wp-content\/uploads\/2023\/10\/Major-Jaeger-1536x1025.jpg 1536w, https:\/\/www.hammer-jaegercorps.de\/wp-content\/uploads\/2023\/10\/Major-Jaeger-2048x1367.jpg 2048w, https:\/\/www.hammer-jaegercorps.de\/wp-content\/uploads\/2023\/10\/Major-Jaeger-2000x1335.jpg 2000w, https:\/\/www.hammer-jaegercorps.de\/wp-content\/uploads\/2023\/10\/Major-Jaeger-600x401.jpg 600w\" sizes=\"auto, (max-width: 1024px) 100vw, 1024px\" \/><figcaption class=\"wp-element-caption\">G\u00fcnther Kutschki (Major)<\/figcaption><\/figure>\n\n\n\n<h2 class=\"wp-block-heading\">Fahnengruppe<\/h2>\n\n\n\n<figure class=\"wp-block-image alignwide size-full\"><img loading=\"lazy\" decoding=\"async\" width=\"617\" height=\"849\" src=\"https:\/\/www.hammer-jaegercorps.de\/wp-content\/uploads\/2022\/09\/Fahnengruppe.png\" alt=\"\" class=\"wp-image-632\" srcset=\"https:\/\/www.hammer-jaegercorps.de\/wp-content\/uploads\/2022\/09\/Fahnengruppe.png 617w, https:\/\/www.hammer-jaegercorps.de\/wp-content\/uploads\/2022\/09\/Fahnengruppe-218x300.png 218w, https:\/\/www.hammer-jaegercorps.de\/wp-content\/uploads\/2022\/09\/Fahnengruppe-600x826.png 600w\" sizes=\"auto, (max-width: 617px) 100vw, 617px\" \/><figcaption class=\"wp-element-caption\">Alexander Tomm (1. Fahnenoffizier), Sebastian Peltzer (F\u00e4hnrich), Alexander Bausen (2. Fahnenoffizier)<\/figcaption><\/figure>\n\n\n\n<h2 class=\"wp-block-heading\">Ehrenmitglieder<\/h2>\n\n\n\n<div class=\"wp-block-columns is-layout-flex wp-container-core-columns-is-layout-9d6595d7 wp-block-columns-is-layout-flex\">\n<div class=\"wp-block-column is-layout-flow wp-block-column-is-layout-flow\">\n<p>Die Ehrenmitglieder werden von der Generalversammlung ernannt. Die Verdienste und Leistungen der Ehrenmitglieder sind in den jeweiligen Gesch\u00e4ftsberichten beschrieben. Die \u00dcbergabe der Ernennungsurkunde und die Laudatio mit einer ausf\u00fchrlichen W\u00fcrdigung erfolgt beim Stiftungs- und Kompaniekr\u00f6nungsball.<\/p>\n\n\n\n<p><strong>Lebende Ehrenmitglieder in chronologischer Reihenfolge der Ernennung<\/strong>:&nbsp;<\/p>\n\n\n\n<p><br>2003 Jakob Burchartz&nbsp;(Ehrenhauptmann)<br>2007 Heinz Kla\u00dfen&nbsp;&nbsp; &nbsp; &nbsp; &nbsp;&nbsp;&nbsp; &nbsp; &nbsp; &nbsp; &nbsp; &nbsp;<br>2007 Willi Leuchtenberg sen.&nbsp;&nbsp; &nbsp;<br>2016 Peter Cremer&nbsp;&nbsp; &nbsp; &nbsp; &nbsp; &nbsp; &nbsp; &nbsp; &nbsp; &nbsp;&nbsp; &nbsp;<br>2018 Herbert Tomm<br>2022 Josef Andree<br>2022 Heinz -Josef Konen&nbsp;<br>2022 Josef Piel&nbsp;<br>2024 Peter Christochowitz &nbsp; &nbsp; &nbsp; &nbsp; &nbsp; &nbsp;&nbsp;<\/p>\n<\/div>\n<\/div>\n\n\n\n<h2 class=\"wp-block-heading\">Z\u00fcge<\/h2>\n\n\n\n<h2 class=\"wp-block-heading\">Zugf\u00fchrer Matthias Kollenbroich<\/h2>\n\n\n\n<p>Christoph Andree, Markus Andree, Michael Andree, Andreas Basen, Alexander Bausen, Wolfgang Burda, Sebastian Buresch, Christopher Drenkard, Nikolai Frank, Frank de Groot, Ralf Heinrichs, Christian Hosten, Christian Konen, Dominik K\u00fcppers, Andreas Leuchten, Christian Leuchten, Daniel Leuchten, Sebastian Leuchten, Andreas Neunzig, Sebastian Peltzer, Thomas Schiefer, Benjamin Skalnik, Alexander Tomm, Sebastian van Betteray<br><\/p>\n\n\n\n<h2 class=\"wp-block-heading\">Zugf\u00fchrer Klaus R\u00f6ckrath<\/h2>\n\n\n\n<p>Josef Andree, Willi Andree, Heinz Baumgartner, Heinz-Theo Hecker, Heinz-Josef Hosten, Heinz-Josef Konen, Michael K\u00fcpper, J\u00fcrgen Leuchten, Thomas Leuchten, Joachim Mitze, Stephan Plenkers, Robert Pottg\u00fcter, Heinz-Peter Reingen, Heiner R\u00f6ckrath, Hans-Peter Schnitzler, Karl-Heinz Stoffels, Hans-Peter van der Wingen, Rolf Wittbusch, Peter Wolfgarten<\/p>\n\n\n\n<h2 class=\"wp-block-heading\">Zugf\u00fchrer Willi Leuchtenberg jun.<\/h2>\n\n\n\n<p>Markus Etz, Hans-Josef Franken, Walter Hoppe, G\u00fcnther Kutschki, Roman Krause, Josef Piel, Rolf Schiefer, Heinrich Tappertzhofen<\/p>\n\n\n\n<h2 class=\"wp-block-heading\">Zugf\u00fchrer Willi Leuchtenberg sen.<\/h2>\n\n\n\n<p>Jakob Burchartz, Fritz Busch, Peter Cremer, Willi Gierling, Peter Kaesgen, Heinz Kla\u00dfen, Theo K\u00fcpper, Willi K\u00fcpper, Hermann Peltzer, Peter Scheurenberg<br><\/p>\n\n\n\n<h2 class=\"wp-block-heading\">Zugf\u00fchrer Ralf Haug<\/h2>\n\n\n\n<p>Peter Christochowitz, Heinz-Gerd Hilden, Christian H\u00f6fer, Dirk Kaspar, Herbert R\u00fcpping, Peter Sch\u00e4fer, Herbert Tomm, Benjamin Wirtz<br><\/p>\n\n\n\n<div class=\"wp-block-columns is-layout-flex wp-container-core-columns-is-layout-9d6595d7 wp-block-columns-is-layout-flex\">\n<div class=\"wp-block-column is-layout-flow wp-block-column-is-layout-flow\"><\/div>\n<\/div>\n\n\n\n<div class=\"wp-block-buttons is-content-justification-center is-layout-flex wp-container-core-buttons-is-layout-16018d1d wp-block-buttons-is-layout-flex\">\n<div class=\"wp-block-button\"><a class=\"wp-block-button__link wp-element-button\" href=\"https:\/\/www.hammer-jaegercorps.de\/\">Zur Startseite<\/a><\/div>\n<\/div>\n\n\n\n<p><\/p>\n","protected":false},"excerpt":{"rendered":"<p>Vorstand Das J\u00e4gercorps hat einen gesch\u00e4ftsf\u00fchrenden Vorstand, der sich aus folgenden&nbsp;Personen zusammensetzt: 1. Vorsitzender: Christopher Drenkard2. Vorsitzender: Alexander Tomm1. Schriftf\u00fchrer: Markus Andree2. Schriftf\u00fchrer: Andreas Basen1. Kassierer: Christian Konen2. Kassierer: Christian Leuchten 1. Hauptmann: Michael Andree2. Hauptmann: Hans-Josef Franken Spie\u00df: Nikolai Frank Beritt Fahnengruppe Ehrenmitglieder Die Ehrenmitglieder werden von der Generalversammlung ernannt. Die Verdienste und Leistungen &hellip; <\/p>\n<p class=\"link-more\"><a href=\"https:\/\/www.hammer-jaegercorps.de\/index.php\/mitglieder\/\" class=\"more-link\">Mehr <span class=\"screen-reader-text\">\u00fcber &#8222;Das Corps&#8220; <\/span>Lesen<\/a><\/p>\n","protected":false},"author":2,"featured_media":0,"parent":0,"menu_order":0,"comment_status":"closed","ping_status":"closed","template":"","meta":{"footnotes":""},"class_list":["post-118","page","type-page","status-publish","hentry"],"featured_media_urls":[],"_links":{"self":[{"href":"https:\/\/www.hammer-jaegercorps.de\/index.php\/wp-json\/wp\/v2\/pages\/118","targetHints":{"allow":["GET"]}}],"collection":[{"href":"https:\/\/www.hammer-jaegercorps.de\/index.php\/wp-json\/wp\/v2\/pages"}],"about":[{"href":"https:\/\/www.hammer-jaegercorps.de\/index.php\/wp-json\/wp\/v2\/types\/page"}],"author":[{"embeddable":true,"href":"https:\/\/www.hammer-jaegercorps.de\/index.php\/wp-json\/wp\/v2\/users\/2"}],"replies":[{"embeddable":true,"href":"https:\/\/www.hammer-jaegercorps.de\/index.php\/wp-json\/wp\/v2\/comments?post=118"}],"version-history":[{"count":62,"href":"https:\/\/www.hammer-jaegercorps.de\/index.php\/wp-json\/wp\/v2\/pages\/118\/revisions"}],"predecessor-version":[{"id":837,"href":"https:\/\/www.hammer-jaegercorps.de\/index.php\/wp-json\/wp\/v2\/pages\/118\/revisions\/837"}],"wp:attachment":[{"href":"https:\/\/www.hammer-jaegercorps.de\/index.php\/wp-json\/wp\/v2\/media?parent=118"}],"curies":[{"name":"wp","href":"https:\/\/api.w.org\/{rel}","templated":true}]}}