{"id":110,"date":"2022-07-26T19:46:18","date_gmt":"2022-07-26T19:46:18","guid":{"rendered":"https:\/\/wp.hammer-jaegercorps.de\/wordpress\/?page_id=110"},"modified":"2022-09-01T08:49:16","modified_gmt":"2022-09-01T08:49:16","slug":"satzung","status":"publish","type":"page","link":"https:\/\/www.hammer-jaegercorps.de\/index.php\/satzung\/","title":{"rendered":"Satzung"},"content":{"rendered":"\n<h3 class=\"wp-block-heading\"><\/h3>\n\n\n\n<p>Als Grundlage eines jeden Vereines dient die ihm eigene Satzung. Die Satzung des St. Sebastianus J\u00e4gercorps basiert auf den Statuten aus dem Jahre 1883 und ihren anf\u00e4nglichen gelegentlichen Erweiterungen. Die Arbeit und die Gegebenheiten im Verein haben sich jedoch gegen\u00fcber den Gr\u00fcnderjahren weitgehend ver\u00e4ndert. Vom Vorstand des J\u00e4gercorps und insbesondere vom Schriftf\u00fchrer Josef Piel wurde daher eine Neufassung der Satzung erarbeitet. Die neue Satzung wurde am 05.04.2014 von der Mitgliederversammlung genehmigt. In Erinnerung an die alten Statuten findet sich hier der Scan einer Kopie des Originales, der das Deckblatt sowie die Unterschriften der Gr\u00fcnder des St. Sebastianus J\u00e4gercorps aus dem Jahre 1883 zeigt.<\/p>\n\n\n\n<p>Die neue Satzung finden Sie unter folgendem Link :&nbsp;<\/p>\n\n\n\n<div class=\"wp-block-buttons is-content-justification-center is-layout-flex wp-container-core-buttons-is-layout-16018d1d wp-block-buttons-is-layout-flex\">\n<div class=\"wp-block-button\"><a class=\"wp-block-button__link\" href=\"https:\/\/www.hammer-jaegercorps.de\/index.php\/satzung-jaegercorps\/\">Satzung J\u00e4gercorps<\/a><\/div>\n<\/div>\n\n\n\n<p><\/p>\n\n\n\n<figure class=\"wp-block-gallery has-nested-images columns-default is-cropped wp-block-gallery-1 is-layout-flex wp-block-gallery-is-layout-flex\">\n<figure class=\"wp-block-image size-large\"><img loading=\"lazy\" decoding=\"async\" width=\"295\" height=\"351\" data-id=\"154\" src=\"https:\/\/www.hammer-jaegercorps.de\/wp-content\/uploads\/2022\/08\/9b4d7a05da-1.png\" alt=\"\" class=\"wp-image-154\" srcset=\"https:\/\/www.hammer-jaegercorps.de\/wp-content\/uploads\/2022\/08\/9b4d7a05da-1.png 295w, https:\/\/www.hammer-jaegercorps.de\/wp-content\/uploads\/2022\/08\/9b4d7a05da-1-252x300.png 252w\" sizes=\"auto, (max-width: 295px) 100vw, 295px\" \/><\/figure>\n\n\n\n<figure class=\"wp-block-image size-large\"><img loading=\"lazy\" decoding=\"async\" width=\"295\" height=\"283\" data-id=\"155\" src=\"https:\/\/www.hammer-jaegercorps.de\/wp-content\/uploads\/2022\/08\/88d717281a.png\" alt=\"\" class=\"wp-image-155\"\/><\/figure>\n<figcaption class=\"blocks-gallery-caption\">Statuten mit Unterschrift der Gr\u00fcnder<\/figcaption><\/figure>\n\n\n\n<p><\/p>\n\n\n\n<div class=\"wp-block-buttons is-content-justification-center is-layout-flex wp-container-core-buttons-is-layout-16018d1d wp-block-buttons-is-layout-flex\">\n<div class=\"wp-block-button is-style-outline is-style-outline--2\"><a class=\"wp-block-button__link\" href=\"https:\/\/www.hammer-jaegercorps.de\/\">Zur Startseite<\/a><\/div>\n<\/div>\n\n\n\n<p><\/p>\n","protected":false},"excerpt":{"rendered":"<p>Als Grundlage eines jeden Vereines dient die ihm eigene Satzung. Die Satzung des St. Sebastianus J\u00e4gercorps basiert auf den Statuten aus dem Jahre 1883 und ihren anf\u00e4nglichen gelegentlichen Erweiterungen. Die Arbeit und die Gegebenheiten im Verein haben sich jedoch gegen\u00fcber den Gr\u00fcnderjahren weitgehend ver\u00e4ndert. Vom Vorstand des J\u00e4gercorps und insbesondere vom Schriftf\u00fchrer Josef Piel wurde &hellip; <\/p>\n<p class=\"link-more\"><a href=\"https:\/\/www.hammer-jaegercorps.de\/index.php\/satzung\/\" class=\"more-link\">Mehr <span class=\"screen-reader-text\">\u00fcber &#8222;Satzung&#8220; <\/span>Lesen<\/a><\/p>\n","protected":false},"author":2,"featured_media":0,"parent":0,"menu_order":0,"comment_status":"closed","ping_status":"closed","template":"","meta":{"footnotes":""},"class_list":["post-110","page","type-page","status-publish","hentry"],"featured_media_urls":[],"_links":{"self":[{"href":"https:\/\/www.hammer-jaegercorps.de\/index.php\/wp-json\/wp\/v2\/pages\/110","targetHints":{"allow":["GET"]}}],"collection":[{"href":"https:\/\/www.hammer-jaegercorps.de\/index.php\/wp-json\/wp\/v2\/pages"}],"about":[{"href":"https:\/\/www.hammer-jaegercorps.de\/index.php\/wp-json\/wp\/v2\/types\/page"}],"author":[{"embeddable":true,"href":"https:\/\/www.hammer-jaegercorps.de\/index.php\/wp-json\/wp\/v2\/users\/2"}],"replies":[{"embeddable":true,"href":"https:\/\/www.hammer-jaegercorps.de\/index.php\/wp-json\/wp\/v2\/comments?post=110"}],"version-history":[{"count":16,"href":"https:\/\/www.hammer-jaegercorps.de\/index.php\/wp-json\/wp\/v2\/pages\/110\/revisions"}],"predecessor-version":[{"id":614,"href":"https:\/\/www.hammer-jaegercorps.de\/index.php\/wp-json\/wp\/v2\/pages\/110\/revisions\/614"}],"wp:attachment":[{"href":"https:\/\/www.hammer-jaegercorps.de\/index.php\/wp-json\/wp\/v2\/media?parent=110"}],"curies":[{"name":"wp","href":"https:\/\/api.w.org\/{rel}","templated":true}]}}