{"id":101,"date":"2022-07-26T19:39:03","date_gmt":"2022-07-26T19:39:03","guid":{"rendered":"https:\/\/wp.hammer-jaegercorps.de\/wordpress\/?page_id=101"},"modified":"2022-08-28T18:31:56","modified_gmt":"2022-08-28T18:31:56","slug":"geschichte","status":"publish","type":"page","link":"https:\/\/www.hammer-jaegercorps.de\/index.php\/geschichte\/","title":{"rendered":"Chronik"},"content":{"rendered":"\n<h3 class=\"wp-block-heading\"><\/h3>\n\n\n\n<p>Im Vergleich zu der seit 1458 bestehenden St.&nbsp;Sebastianus-Sch\u00fctzenbruderschaft D\u00fcsseldorf-Hamm ist das 1883 gegr\u00fcndete St. Sebastianus J\u00e4gercorps noch ein recht junger Verein. Bedingt durch die Zeitgeschichte, war das Vereinsleben von H\u00f6hen und Tiefen gepr\u00e4gt. So hat das J\u00e4gercorps den Untergang der Monarchie in Deutschland ebenso \u00fcberlebt wie die Wirren der Weimarer Zeit und zwei Weltkriege. Dem Willen seiner Mitglieder ist es zu verdanken, dass die Tradition des Vereins in den langen Jahren des Bestehens gepflegt wurde und bis heute weiter entwickelt wird.<\/p>\n\n\n\n<p>Um das allgemeine Leseinteresse nicht \u00fcber Geb\u00fchr zu strapazieren, beschr\u00e4nkt sich die Internetpr\u00e4sentation der in den Festschriften ausf\u00fchrlich beschriebenen Chronik auf wesentliche Ereignisse und die entsprechenden Zeitumst\u00e4nde. Eine Einordnungshilfe bietet die nebenstehende Navigationsleiste.<\/p>\n\n\n\n<p>Beginnen wollen wir mit dem Anfang der Vereinsgeschichte, der Gr\u00fcndung des J\u00e4gercorps. Einen Einblick in die damalige Lebenssituation vermittelt ein Bericht aus der Festschrift zum 75-j\u00e4hrigen Gr\u00fcndungstag, der nachstehend auszugsweise wiedergegeben ist (Autor unbekannt).<\/p>\n\n\n\n<p>&nbsp;\u201e\u2026Man schrieb das Jahr 1882 \u00fcberall aufbl\u00fchende Industrie und Wirtschaft, aufgebaut auf den glorreichen Krieg 1870\/71, wo unter Kaiser Wilhelm I. das neue Deutsche Reich gegr\u00fcndet wurde.<br>Auch unsere Gemeinde nahm regen Anteil an dem Aufbau unseres Vaterlandes und unserer Vaterstadt D\u00fcsseldorf.<br>Der st\u00e4ndige Volkszuwachs der Stadt D\u00fcsseldorf stellte auch an den Gem\u00fcsebau immer gr\u00f6\u00dfere Anspr\u00fcche. Das Dreirad und die Eselskarre wurde in den 80er Jahren durch die Ponykarre abgel\u00f6st, und das \u00fcberall so begehrte Hammer Gem\u00fcse konnte kaum Schritt halten mit den Anforderungen, die an den Verbrauch gestellt wurden.<br>Ein gewisser Wohlstand zog gleichzeitig mit in unsere Gemeinde ein, der sich dann auch im Sch\u00fctzenwesen beim Hammer Sch\u00fctzfest besonders bemerkbar macht.<br>In dieser Zeit bestand auch ein J\u00e4gerverein, jedoch ohne festes Fundament. Alle paar Jahre musste er wegen Unstimmigkeiten und wegen Kassenverzehr aufgel\u00f6st und wieder neu gegr\u00fcndet werden. Dieses schrieb man dem Musketier Wilhelm Sinzig, der zu dieser Zeit in Neubreisach, Elsass-Lotringen, bei den 17er seine zweij\u00e4hrige Dienstzeit hinter sich brachte.<br>Immer war er ein begeisterter Sch\u00fctze, der mit Herz und Blut sich auf das Sch\u00fctzenfest freute. So fasste er als Soldat den Entschluss, sobald ich in der Heimat zur\u00fcckkehren werde, wird ein J\u00e4gerverein gegr\u00fcndet mit festen Grunds\u00e4tzen.<br>Und so fand er schnell die richtigen Freunde, die mit ihm&nbsp;einem neuen J\u00e4gerverein gr\u00fcndeten.\u201c<\/p>\n\n\n\n<p>Die Gr\u00fcndungsurkunde wurde am 14. Dezember 1883 von 19 J\u00e4gern unterzeichnet, und zwar in dieser Reihenfolge:<br><br>Wilhelm Sinzig<br>Peter Esser<br>Albert Kornweibel<br>Jacob Knell<br>Heinrich Derichs<br>Bernhard Fink<br>Wilhelm Andree<br>Wilhelm Hansen<br>Joseph Kien<br>Franz Burchartz<br>Johann Dahmen<br>Wilhelm Borgs<br>Max Behm<br>Wilhelm Heckhausen<br>Heinrich Hecker<br>Heinrich K\u00f6nigshausen<br>Heinrich Derendorf<br>August Porten<br>Theodor Leuchtenberg <\/p>\n\n\n\n<div class=\"wp-block-buttons is-content-justification-center is-layout-flex wp-container-core-buttons-is-layout-16018d1d wp-block-buttons-is-layout-flex\">\n<div class=\"wp-block-button is-style-outline is-style-outline--1\"><a class=\"wp-block-button__link\" href=\"https:\/\/www.hammer-jaegercorps.de\/index.php\/1883-1913\/\">1883 bis 1913<\/a><\/div>\n\n\n\n<div class=\"wp-block-button is-style-outline is-style-outline--2\"><a class=\"wp-block-button__link\" href=\"https:\/\/www.hammer-jaegercorps.de\/index.php\/1914-1945\/\">1914 bis 1945<\/a><\/div>\n\n\n\n<div class=\"wp-block-button is-style-outline is-style-outline--3\"><a class=\"wp-block-button__link\" href=\"https:\/\/www.hammer-jaegercorps.de\/index.php\/1946-2000\/\">1946 bis 2000<\/a><\/div>\n\n\n\n<div class=\"wp-block-button is-style-outline is-style-outline--4\"><a class=\"wp-block-button__link\" href=\"https:\/\/www.hammer-jaegercorps.de\/index.php\/2000-heute\/\">2000 bis Heute<\/a><\/div>\n<\/div>\n\n\n\n<p><\/p>\n\n\n\n<div class=\"wp-block-buttons is-content-justification-center is-layout-flex wp-container-core-buttons-is-layout-16018d1d wp-block-buttons-is-layout-flex\">\n<div class=\"wp-block-button is-style-outline is-style-outline--5\"><a class=\"wp-block-button__link\" href=\"https:\/\/www.hammer-jaegercorps.de\/\">Zu Startseite<\/a><\/div>\n<\/div>\n\n\n\n<p><\/p>\n","protected":false},"excerpt":{"rendered":"<p>Im Vergleich zu der seit 1458 bestehenden St.&nbsp;Sebastianus-Sch\u00fctzenbruderschaft D\u00fcsseldorf-Hamm ist das 1883 gegr\u00fcndete St. Sebastianus J\u00e4gercorps noch ein recht junger Verein. Bedingt durch die Zeitgeschichte, war das Vereinsleben von H\u00f6hen und Tiefen gepr\u00e4gt. So hat das J\u00e4gercorps den Untergang der Monarchie in Deutschland ebenso \u00fcberlebt wie die Wirren der Weimarer Zeit und zwei Weltkriege. Dem &hellip; <\/p>\n<p class=\"link-more\"><a href=\"https:\/\/www.hammer-jaegercorps.de\/index.php\/geschichte\/\" class=\"more-link\">Mehr <span class=\"screen-reader-text\">\u00fcber &#8222;Chronik&#8220; <\/span>Lesen<\/a><\/p>\n","protected":false},"author":2,"featured_media":0,"parent":0,"menu_order":0,"comment_status":"closed","ping_status":"closed","template":"","meta":{"footnotes":""},"class_list":["post-101","page","type-page","status-publish","hentry"],"featured_media_urls":[],"_links":{"self":[{"href":"https:\/\/www.hammer-jaegercorps.de\/index.php\/wp-json\/wp\/v2\/pages\/101","targetHints":{"allow":["GET"]}}],"collection":[{"href":"https:\/\/www.hammer-jaegercorps.de\/index.php\/wp-json\/wp\/v2\/pages"}],"about":[{"href":"https:\/\/www.hammer-jaegercorps.de\/index.php\/wp-json\/wp\/v2\/types\/page"}],"author":[{"embeddable":true,"href":"https:\/\/www.hammer-jaegercorps.de\/index.php\/wp-json\/wp\/v2\/users\/2"}],"replies":[{"embeddable":true,"href":"https:\/\/www.hammer-jaegercorps.de\/index.php\/wp-json\/wp\/v2\/comments?post=101"}],"version-history":[{"count":15,"href":"https:\/\/www.hammer-jaegercorps.de\/index.php\/wp-json\/wp\/v2\/pages\/101\/revisions"}],"predecessor-version":[{"id":581,"href":"https:\/\/www.hammer-jaegercorps.de\/index.php\/wp-json\/wp\/v2\/pages\/101\/revisions\/581"}],"wp:attachment":[{"href":"https:\/\/www.hammer-jaegercorps.de\/index.php\/wp-json\/wp\/v2\/media?parent=101"}],"curies":[{"name":"wp","href":"https:\/\/api.w.org\/{rel}","templated":true}]}}